{"id":3459,"date":"2018-07-17T15:21:33","date_gmt":"2018-07-17T15:21:33","guid":{"rendered":"https:\/\/de-toltuin.nl\/?page_id=3459"},"modified":"2018-07-17T15:38:40","modified_gmt":"2018-07-17T15:38:40","slug":"avg-privacy","status":"publish","type":"page","link":"https:\/\/de-toltuin.nl\/?page_id=3459","title":{"rendered":"AVG &#038; Privacy"},"content":{"rendered":"<h1>DE Toltuin privacy stappenplan<\/h1>\n<p>DE Toltuin beschikt over een bestand met persoonsgegevens. Dit bestand is gemaakt om de vrijwilligers (groep 1), mogelijke zakelijke relatie\u2019s en sponsoren (groep 2) en eventuele belangstellende (groep 3) op snelle wijze te informeren via een email.<\/p>\n<p>Doelstelling van het vastleggen van de persoonsgegevens per categorie.<\/p>\n<p><strong>Groep 1<\/strong><br \/>\nTwee keer per maand worden zij, die hebben aangegeven prijs te stellen op een mail, herinnerd aan het feit dat voor de aanstaande zaterdag een DOE ochtend gepland staat.<\/p>\n<p><strong>Groep 2<\/strong><br \/>\nIncidenteel worden zij benaderd voor de sponsoring van een geplande activiteit of bevraagd voor het uitbrengen van een offerte of kostenraming.<\/p>\n<p><strong>Groep 3<\/strong><br \/>\nIn deze groep zitten vooral de zakelijke relaties of organisaties waarmee we een samenwerking mee aan zijn gegaan of voornemens zijn om aan te gaan.<\/p>\n<p>&nbsp;<\/p>\n<h2>Verantwoordelijke voor de bescherming van de persoonsgegevens<\/h2>\n<p>Een ieder binnen het bestuur is verantwoordelijk voor de bescherming van de persoonsgegevens. De secretaris is verantwoordelijk voor de feitelijk opslag en het bewaren van de gegevens.<\/p>\n<p>Het bestand is digitaal beschikbaar en wordt bewaard op de met een inlogcode en firewall beveiligde laptop van de secretaris. Het bestand zelf is niet beveiligd. Het bestand is niet fysiek beschikbaar.<br \/>\nDaarnaast zijn de emailgegevens toegevoegd aan de optie contactpersonen in Gmail. Het Gmail account is beveiligd met een wachtwoord. Dit wachtwoord is enkel bekend bij de bestuursleden.<br \/>\nDaarmee is Gmail enkel toegankelijk voor de bestuursleden van DE Toltuin.<\/p>\n<p>&nbsp;<\/p>\n<h2>Vastlegging van de gegevens<\/h2>\n<p>In een totaal bestand worden de naam, adres, woonplaats gegevens, het emailadres en het telefoonnummer van de betrokken personen of organisaties vastgelegd.<br \/>\nEr vindt geen vastlegging van bijzondere persoonsgegevens plaats.<\/p>\n<p>&nbsp;<\/p>\n<h2>Foto\u2019s<\/h2>\n<p>Bij diverse activiteiten worden er foto\u2019s genomen die op de website of de facebookpagina kunnen worden gepubliceerd.<br \/>\nBetrokken vrijwilligers worden gevraagd om hun toestemming te geven voor publicatie van de foto\u2019s.<\/p>\n<p>&nbsp;<\/p>\n<h2>Veiligheidsmaatregelen<\/h2>\n<p>Het bestand met persoonsgegevens staat op de priv\u00e9 laptop van de secretaris. Deze laptop wordt niet mee op locatie genomen, zodat de kans op verlies of diefstal zeer beperkt is.<br \/>\nVergaderingen en overleg worden vastgelegd met iPad. Hierop is het bestand met persoonsgegevens niet opgeslagen.<\/p>\n<p>De laptop is beveiligd met een toegangscode die bij niemand anders bekend is dan de secretaris.<\/p>\n<p>Persoonsgegevens worden nimmer verstrekt aan derden.<br \/>\nGemeenschappelijke emails worden verzonden met de geadresseerden in bcc. Dit geldt niet voor de bestuursleden, zij staan als geadresseerden genoemd.<\/p>\n<p>&nbsp;<\/p>\n<h2>Informeren betrokkenen<\/h2>\n<p>Het privacy beleidsplan is opgenomen op de website www.de-toltuin.nl en op de facebookpagina www.facebook de toltuin<br \/>\nHet is voor een ieder mogelijk om in te zien welke gegevens zijn vastgelegd. Hiertoe neemt men contact op met een van de bestuursleden, die kan zowel mondeling, als schriftelijk. Vervolgens wordt met u een afspraak gemaakt.<\/p>\n<p>&nbsp;<\/p>\n<p>&nbsp;<\/p>\n<h1>Privacystatement DE Toltuin<\/h1>\n<p>Dit privacy statement is van toepassing op het gebruik van uw persoonsgegevens door De Toltuin.<br \/>\nDE Toltuin gaat zorgvuldig om met uw persoonsgegevens. Met dit statement willen wij u uitleg geven over het gebruik van uw persoonsgegevens. Per 25 mei 2018 is de Algemene verordening gegevensbescherming (AVG) van toepassing. Dat betekent dat er vanaf die datum dezelfde privacywetgeving geldt in de hele Europese Unie (EU). De Wet bescherming persoonsgegevens (Wbp) geldt dan niet meer. De AVG zorgt onder meer voor:<br \/>\n&#8211; versterking en uitbreiding van privacyrechten;<br \/>\n&#8211; meer verantwoordelijkheden voor organisaties;<br \/>\n&#8211; dezelfde, stevige bevoegdheden voor alle Europese privacytoezichthouders, zoals de bevoegdheid om boetes op te leggen.<\/p>\n<p>&nbsp;<\/p>\n<p>In dit privacy statement worden de volgende vragen beantwoord:<br \/>\n1) Waarvoor gebruiken wij uw persoonsgevens?<br \/>\n2) Vindt er uitwisseling van uw gegevens met derden plaats?<br \/>\n3) Welke rechten heeft u?<br \/>\n4) Hoe beveiligen wij uw gegevens?<br \/>\n5) Hoe gaan wij om met uw gegevens bij het gebruik van WhatsApp en Facebook?<br \/>\n6) Hoe kunt u met ons in contact komen?<\/p>\n<p><strong>ad 1. Waarvoor worden uw persoonsgegevens gebruikt?<\/strong><br \/>\nDE Toltuin gebruikt uw persoonsgegevens voor verschillende doelen en alleen voor zover het gebruik voor dat doel nodig is.<\/p>\n<p>De doelen betreffen:<br \/>\na) Informeren van vrijwilligers over de DOE ochtenden<br \/>\nb) Benaderen vrijwilligers en betrokken organisaties voor sponsoring of deelname aan een event.<br \/>\nc). Commercie en marketing.<\/p>\n<p><strong>a) Informeren DOE ochtend DE Toltuin<\/strong><br \/>\nDE Toltuin gebruikt uw persoonsgegevens om u te informeren over de DOE ochtenden. Hiertoe ontvangt u een email.<br \/>\n<strong>b). Benaderen vrijwilligers en betrokken organisaties voor sponsoring of deelname aan een event.<\/strong><br \/>\nDE Toltuin heeft uw persoonsgegevens nodig voor actief benaderen van vrijwilligers en \/ of potenti\u00eble deelnemende organisaties aan een te plannen event.<br \/>\n<strong>c) Commercie en Marketing<\/strong><br \/>\nDE Toltuin gebruikt uw persoonsgegevens om u te informeren en te interesseren voor acties ten behoeve van sponsoring, zoals bijvoorbeeld in het verleden toen u gevraagd werd te stemmen op een foto via een internetpagina.<\/p>\n<p><strong>Ad 2) Vindt er uitwisseling van uw gegevens met derden plaats?<\/strong><br \/>\nUw persoonsgegevens worden niet gedeeld met derden.<br \/>\nZe worden nooit verkocht aan derden.<\/p>\n<p><strong>Ad 3) Wat zijn uw rechten?<\/strong><br \/>\nU heeft recht op inzage, rectificatie, gegevenswissing, bezwaar en op het intrekken van uw toestemming. Hieronder kunt u lezen wat deze rechten inhouden.<\/p>\n<p><strong>Inzage<\/strong><br \/>\nU heeft recht op inzage in de persoonsgegevens die DE Toltuin van u heeft en informatie waarvoor DE Toltuin die persoonsgegevens gebruikt.<br \/>\nU kunt daarvoor een verzoek bij het bestuur indienen. Vermeld in uw verzoek welke gegevens u wilt inzien.<\/p>\n<p><strong>Rectificatie<\/strong><br \/>\nU heeft recht op correctie (rectificatie) van onjuiste persoonsgegevens die op u betrekking hebben.<br \/>\nVermeld in uw verzoek welke gegevens gecorrigeerd moeten worden.<\/p>\n<p><strong>Gegevenswissing<\/strong><br \/>\nU kunt DE Toltuin vragen uw persoonsgegevens te wissen als:<br \/>\n\u2022 DE Toltuin uw persoonsgegevens niet meer nodig heeft;<br \/>\n\u2022 uw gegevens worden gebruikt op grond van uw toestemming, maar u trekt deze toestemming in;<br \/>\n\u2022 u maakt bezwaar zoals hierna omschreven, tegen het gebruik van uw persoonsgegevens;<\/p>\n<p><strong>Bezwaar<\/strong><br \/>\nU kunt bezwaar maken tegen het gebruik van uw gegevens door dit kenbaar te maken aan het bestuur van DE Toltuin. Dit kan zowel mondeling als schriftelijk. Hierna zal er met u contact worden opgenomen.<\/p>\n<p><strong>Intrekken van de toestemming<\/strong><br \/>\nAls DE Toltuin alleen met uw toestemming uw persoonsgegevens heeft gebruikt, dan mag u deze toestemming te allen tijde intrekken. De intrekking van uw toestemming heeft geen terugwerkende kracht. Het intrekken van uw toestemming heeft dus geen gevolgen voor reeds uitgevoerde handelingen.<\/p>\n<p><strong>Ad 4. Hoe beveiligen wij uw gegevens?<\/strong><br \/>\nDE Toltuin past beveiligingsmaatregelen toe om persoonsgegevens te beveiligen. Deze maatregelen betreffen: processen, techniek en fysieke beveiliging.<\/p>\n<p><strong>Ad 5. Hoe gaan wij om met uw gegevens bij het gebruik van WhatsApp en Facebook?<\/strong><br \/>\nWe delen via WhatsApp en\/of Facebook geen privacygevoelige informatie, want WhatsApp en Facebook zijn minder betrouwbaar en veilig dan bijvoorbeeld e-mail. We zullen u dus nooit vragen om vertrouwelijke informatie. We verzoeken u vriendelijk om ook niet uit uzelf privacygevoelige gegevens te delen via WhatsApp en Facebook.<br \/>\nHet gebruik van Whatsapp en Facebook brengt risico\u2019s met zich mee. Door u aan te sluiten bij DE Toltuin Whatsapp groep en \/of DE Toltuin Facebookpagina te volgen of daar berichten te posten accepteert u alle mogelijke risico\u2019s die aan deze media verbonden zijn, daarvoor kan DE Toltuin niet aansprakelijk gesteld worden.<\/p>\n<p><strong>Ad 6. Hoe kunt u in contact treden met DE Toltuin?<\/strong><br \/>\nWe vinden het vanzelfsprekend dat we u duidelijk en compleet informeren over uw privacy. Heeft u vragen over dit privacy statement, bent u het oneens met hoe DE Toltuin met uw gegevens omgaat of wilt u het gebruik van uw gegevens voor \u00e9\u00e9n van de genoemde doeleinden be\u00ebindigen, dan kunt u ons, bij voorkeur, via een email hiervan op de hoogte brengen. Het emailadres is toltuin@gmail.com of per brief. Adresseer uw brief aan:<br \/>\nDE Toltuin<br \/>\nBurgemeester Schoonheijtstraat 8<br \/>\n4701 LV Roosendaal<\/p>\n<p>&nbsp;<\/p>\n<p>De belangrijkste wijzigingen ten opzichte van de vorige versie:<br \/>\nDit privacy statement is opnieuw opgesteld bij de inwerkingtreding van de Algemene Verordening Gegevensbescherming. Sindsdien zijn er geen wijzigingen geweest.<br \/>\nDe laatste versie vindt u altijd hier. De datum van de laatste wijziging is:<br \/>\nRoosendaal, 25 mei 2018<\/p>\n<p>&nbsp;<\/p>\n<p><a href=\"https:\/\/de-toltuin.nl\/wp-content\/uploads\/2018\/07\/privacy-beleidsplan-AVG-mei-2018.pdf\">Download van bovenstaande AVG en Privacy tekst<\/a><\/p>\n","protected":false},"excerpt":{"rendered":"<p>DE Toltuin privacy stappenplan DE Toltuin beschikt over een bestand met persoonsgegevens. Dit bestand is gemaakt om de vrijwilligers (groep 1), mogelijke zakelijke relatie\u2019s en sponsoren (groep 2) en eventuele belangstellende (groep 3) op snelle wijze te informeren via een email. Doelstelling van het vastleggen van de persoonsgegevens per categorie. Groep 1 Twee keer per <a class=\"continue\" href=\"https:\/\/de-toltuin.nl\/?page_id=3459\">[Continue]<\/a><\/p>\n","protected":false},"author":2,"featured_media":0,"parent":0,"menu_order":0,"comment_status":"closed","ping_status":"closed","template":"","meta":{"_exactmetrics_skip_tracking":false,"_exactmetrics_sitenote_active":false,"_exactmetrics_sitenote_note":"","_exactmetrics_sitenote_category":0,"footnotes":""},"class_list":["post-3459","page","type-page","status-publish","hentry"],"_links":{"self":[{"href":"https:\/\/de-toltuin.nl\/index.php?rest_route=\/wp\/v2\/pages\/3459","targetHints":{"allow":["GET"]}}],"collection":[{"href":"https:\/\/de-toltuin.nl\/index.php?rest_route=\/wp\/v2\/pages"}],"about":[{"href":"https:\/\/de-toltuin.nl\/index.php?rest_route=\/wp\/v2\/types\/page"}],"author":[{"embeddable":true,"href":"https:\/\/de-toltuin.nl\/index.php?rest_route=\/wp\/v2\/users\/2"}],"replies":[{"embeddable":true,"href":"https:\/\/de-toltuin.nl\/index.php?rest_route=%2Fwp%2Fv2%2Fcomments&post=3459"}],"version-history":[{"count":2,"href":"https:\/\/de-toltuin.nl\/index.php?rest_route=\/wp\/v2\/pages\/3459\/revisions"}],"predecessor-version":[{"id":3471,"href":"https:\/\/de-toltuin.nl\/index.php?rest_route=\/wp\/v2\/pages\/3459\/revisions\/3471"}],"wp:attachment":[{"href":"https:\/\/de-toltuin.nl\/index.php?rest_route=%2Fwp%2Fv2%2Fmedia&parent=3459"}],"curies":[{"name":"wp","href":"https:\/\/api.w.org\/{rel}","templated":true}]}}